{"id":15799,"date":"2022-12-01T13:56:39","date_gmt":"2022-12-02T19:56:16","guid":{"rendered":"https:\/\/paellamarisol.com\/christmas-menu\/"},"modified":"2022-12-02T15:56:27","modified_gmt":"2022-12-02T19:56:27","slug":"christmas-menu","status":"publish","type":"product","link":"https:\/\/paellamarisol.com\/en\/christmas-menu\/","title":{"rendered":"Christmas Menu"},"content":{"rendered":"<ul>\n<li style=\"font-weight: 400;\" aria-checked=\"false\" aria-level=\"1\"><span style=\"font-weight: 400;\">Arugula salad with grilled zucchini, feta cheese, sunflower seeds, cranberries and raisins with homemade vinaigrette. <\/span><\/li>\n<li style=\"font-weight: 400;\" aria-checked=\"false\" aria-level=\"1\"><span style=\"font-weight: 400;\">Mushroom cream OR pumpkin cream <\/span><\/li>\n<li style=\"font-weight: 400;\" aria-checked=\"false\" aria-level=\"1\"><span style=\"font-weight: 400;\">Tapas &#8211; empanada with quail eggs, artichoke croquette, ham and cheese croquette and potatoes stuffed with meat and cheese. <\/span><\/li>\n<li style=\"font-weight: 400;\" aria-checked=\"false\" aria-level=\"1\"><span style=\"font-weight: 400;\">Paella Mediterranean OR Paella Valencia OR Paella Marinera. <\/span><\/li>\n<li style=\"font-weight: 400;\" aria-checked=\"false\" aria-level=\"1\"><span style=\"font-weight: 400;\">Cr\u00e8me br\u00fbl\u00e9e OR passion fruit mousse. <\/span><\/li>\n<\/ul>\n","protected":false},"excerpt":{"rendered":"<p>Arugula salad with grilled zucchini, feta cheese, sunflower seeds, cranberries and raisins with homemade vinaigrette. Mushroom cream OR pumpkin cream Tapas &#8211; empanada with quail eggs, artichoke croquette, ham and cheese croquette and potatoes stuffed with meat and cheese. Paella Mediterranean OR Paella Valencia OR Paella Marinera. Cr\u00e8me br\u00fbl\u00e9e OR passion fruit mousse.<\/p>\n","protected":false},"featured_media":15760,"comment_status":"open","ping_status":"closed","template":"","meta":{"_acf_changed":false,"_mo_disable_npp":""},"product_brand":[],"product_cat":[149],"product_tag":[],"class_list":{"0":"post-15799","1":"product","2":"type-product","3":"status-publish","4":"has-post-thumbnail","6":"product_cat-christmas-menu-catering-box","7":"product_shipping_class-catering-menu","9":"first","10":"instock","11":"taxable","12":"shipping-taxable","13":"purchasable","14":"product-type-variable"},"acf":[],"_links":{"self":[{"href":"https:\/\/paellamarisol.com\/en\/wp-json\/wp\/v2\/product\/15799","targetHints":{"allow":["GET"]}}],"collection":[{"href":"https:\/\/paellamarisol.com\/en\/wp-json\/wp\/v2\/product"}],"about":[{"href":"https:\/\/paellamarisol.com\/en\/wp-json\/wp\/v2\/types\/product"}],"replies":[{"embeddable":true,"href":"https:\/\/paellamarisol.com\/en\/wp-json\/wp\/v2\/comments?post=15799"}],"version-history":[{"count":0,"href":"https:\/\/paellamarisol.com\/en\/wp-json\/wp\/v2\/product\/15799\/revisions"}],"wp:featuredmedia":[{"embeddable":true,"href":"https:\/\/paellamarisol.com\/en\/wp-json\/wp\/v2\/media\/15760"}],"wp:attachment":[{"href":"https:\/\/paellamarisol.com\/en\/wp-json\/wp\/v2\/media?parent=15799"}],"wp:term":[{"taxonomy":"product_brand","embeddable":true,"href":"https:\/\/paellamarisol.com\/en\/wp-json\/wp\/v2\/product_brand?post=15799"},{"taxonomy":"product_cat","embeddable":true,"href":"https:\/\/paellamarisol.com\/en\/wp-json\/wp\/v2\/product_cat?post=15799"},{"taxonomy":"product_tag","embeddable":true,"href":"https:\/\/paellamarisol.com\/en\/wp-json\/wp\/v2\/product_tag?post=15799"}],"curies":[{"name":"wp","href":"https:\/\/api.w.org\/{rel}","templated":true}]}}