{"id":18582,"date":"2023-11-07T15:46:47","date_gmt":"2023-11-07T19:46:47","guid":{"rendered":"https:\/\/paellamarisol.com\/?post_type=product&#038;p=18582"},"modified":"2025-01-02T14:03:45","modified_gmt":"2025-01-02T18:03:45","slug":"kit-a-paella","status":"publish","type":"product","link":"https:\/\/paellamarisol.com\/en\/kit-a-paella\/","title":{"rendered":"Kit \u00e0 paella"},"content":{"rendered":"<p><strong>Kit \u00e0 paella \u00e0 la maison !\u00a0<\/strong><\/p>\n<p><strong>Cuisiner une paella n&#8217;aura jamais \u00e9t\u00e9 si simple avec le kit \u00e0 paella !<\/strong><\/p>\n<ul>\n<li>Po\u00eale \u00e0 paella valencienne en acier \u00e9maill\u00e9<\/li>\n<li>M\u00e9lange de bouillon pour paella<\/li>\n<li>\u00c9pices espagnoles<\/li>\n<li>Riz Bomba de Valence<\/li>\n<li>Safran espagnol de qualit\u00e9 sup\u00e9rieure<\/li>\n<li>\u00d1ora<\/li>\n<li>Une recette familiale<\/li>\n<\/ul>\n","protected":false},"excerpt":{"rendered":"<p><strong>Cuisiner une paella n&#8217;aura jamais \u00e9t\u00e9 si simple avec le kit \u00e0 paella !<\/strong><\/p>\n<ul>\n<li>Po\u00eale \u00e0 paella valencienne en acier \u00e9maill\u00e9<\/li>\n<li>M\u00e9lange de bouillon pour paella<\/li>\n<li>\u00c9pices espagnoles<\/li>\n<li>Riz Bomba de Valence<\/li>\n<li>Safran espagnol de qualit\u00e9 sup\u00e9rieure<\/li>\n<li>\u00d1ora<\/li>\n<li>Recette \u00e0 paella<\/li>\n<\/ul>\n<p class=\"p1\"><a href=\"https:\/\/paellamarisol.com\/kitpaella\/\">Pour plus d&#8217;informations<\/a><\/p>\n","protected":false},"featured_media":18636,"comment_status":"open","ping_status":"closed","template":"","meta":{"_acf_changed":false,"_mo_disable_npp":""},"product_brand":[],"product_cat":[51,53],"product_tag":[],"class_list":{"0":"post-18582","1":"product","2":"type-product","3":"status-publish","4":"has-post-thumbnail","6":"product_cat-kit-a-paella","7":"product_cat-paella-maison","9":"first","10":"instock","11":"taxable","12":"shipping-taxable","13":"product-type-grouped"},"acf":[],"_links":{"self":[{"href":"https:\/\/paellamarisol.com\/en\/wp-json\/wp\/v2\/product\/18582","targetHints":{"allow":["GET"]}}],"collection":[{"href":"https:\/\/paellamarisol.com\/en\/wp-json\/wp\/v2\/product"}],"about":[{"href":"https:\/\/paellamarisol.com\/en\/wp-json\/wp\/v2\/types\/product"}],"replies":[{"embeddable":true,"href":"https:\/\/paellamarisol.com\/en\/wp-json\/wp\/v2\/comments?post=18582"}],"version-history":[{"count":0,"href":"https:\/\/paellamarisol.com\/en\/wp-json\/wp\/v2\/product\/18582\/revisions"}],"wp:featuredmedia":[{"embeddable":true,"href":"https:\/\/paellamarisol.com\/en\/wp-json\/wp\/v2\/media\/18636"}],"wp:attachment":[{"href":"https:\/\/paellamarisol.com\/en\/wp-json\/wp\/v2\/media?parent=18582"}],"wp:term":[{"taxonomy":"product_brand","embeddable":true,"href":"https:\/\/paellamarisol.com\/en\/wp-json\/wp\/v2\/product_brand?post=18582"},{"taxonomy":"product_cat","embeddable":true,"href":"https:\/\/paellamarisol.com\/en\/wp-json\/wp\/v2\/product_cat?post=18582"},{"taxonomy":"product_tag","embeddable":true,"href":"https:\/\/paellamarisol.com\/en\/wp-json\/wp\/v2\/product_tag?post=18582"}],"curies":[{"name":"wp","href":"https:\/\/api.w.org\/{rel}","templated":true}]}}