{"id":19290,"date":"2023-11-29T15:50:33","date_gmt":"2024-02-28T17:01:33","guid":{"rendered":"https:\/\/paellamarisol.com\/salsa-calcots\/"},"modified":"2024-02-28T13:01:33","modified_gmt":"2024-02-28T17:01:33","slug":"salsa-calcots","status":"publish","type":"product","link":"https:\/\/paellamarisol.com\/en\/salsa-calcots\/","title":{"rendered":"Salsa Cal\u00e7ots"},"content":{"rendered":"<p>290g<\/p>\n<p>For over 70 years, Feliubadal\u00f3 has excelled in making gourmet sauces, always using the finest ingredients. Cal\u00e7ot FeliuBadal\u00f3 salsa is the perfect balance of tomatoes, peppers, garlic and spices, bringing a Mediterranean touch to your dishes. Ideal with grilled vegetables, white meats or seafood.<\/p>\n","protected":false},"excerpt":{"rendered":"<p>290g For over 70 years, Feliubadal\u00f3 has excelled in making gourmet sauces, always using the finest ingredients. Cal\u00e7ot FeliuBadal\u00f3 salsa is the perfect balance of tomatoes, peppers, garlic and spices, bringing a Mediterranean touch to your dishes. Ideal with grilled vegetables, white meats or seafood.<\/p>\n","protected":false},"featured_media":18739,"comment_status":"open","ping_status":"closed","template":"","meta":{"_acf_changed":false,"_mo_disable_npp":""},"product_brand":[],"product_cat":[179,180],"product_tag":[],"class_list":{"0":"post-19290","1":"product","2":"type-product","3":"status-publish","4":"has-post-thumbnail","6":"product_cat-feliubadalo-en","7":"product_cat-spanish-products","9":"first","10":"outofstock","11":"taxable","12":"shipping-taxable","13":"purchasable","14":"product-type-simple"},"acf":[],"_links":{"self":[{"href":"https:\/\/paellamarisol.com\/en\/wp-json\/wp\/v2\/product\/19290","targetHints":{"allow":["GET"]}}],"collection":[{"href":"https:\/\/paellamarisol.com\/en\/wp-json\/wp\/v2\/product"}],"about":[{"href":"https:\/\/paellamarisol.com\/en\/wp-json\/wp\/v2\/types\/product"}],"replies":[{"embeddable":true,"href":"https:\/\/paellamarisol.com\/en\/wp-json\/wp\/v2\/comments?post=19290"}],"version-history":[{"count":0,"href":"https:\/\/paellamarisol.com\/en\/wp-json\/wp\/v2\/product\/19290\/revisions"}],"wp:featuredmedia":[{"embeddable":true,"href":"https:\/\/paellamarisol.com\/en\/wp-json\/wp\/v2\/media\/18739"}],"wp:attachment":[{"href":"https:\/\/paellamarisol.com\/en\/wp-json\/wp\/v2\/media?parent=19290"}],"wp:term":[{"taxonomy":"product_brand","embeddable":true,"href":"https:\/\/paellamarisol.com\/en\/wp-json\/wp\/v2\/product_brand?post=19290"},{"taxonomy":"product_cat","embeddable":true,"href":"https:\/\/paellamarisol.com\/en\/wp-json\/wp\/v2\/product_cat?post=19290"},{"taxonomy":"product_tag","embeddable":true,"href":"https:\/\/paellamarisol.com\/en\/wp-json\/wp\/v2\/product_tag?post=19290"}],"curies":[{"name":"wp","href":"https:\/\/api.w.org\/{rel}","templated":true}]}}